{"id":80,"date":"2025-01-27T12:47:24","date_gmt":"2025-01-27T12:47:24","guid":{"rendered":"https:\/\/www.radekbanga.cz\/?page_id=80"},"modified":"2025-01-31T09:44:41","modified_gmt":"2025-01-31T09:44:41","slug":"diskografie","status":"publish","type":"page","link":"https:\/\/www.radekbanga.cz\/index.php\/diskografie\/","title":{"rendered":"Diskografie"},"content":{"rendered":"<div class=\"vce-row-container\" data-vce-boxed-width=\"true\"><div class=\"vce-row vce-row--col-gap-30 vce-row-equal-height vce-row-content--top\" id=\"el-2028f506\" data-vce-do-apply=\"all el-2028f506\"><div class=\"vce-row-content\" data-vce-element-content=\"true\"><div class=\"vce-col vce-col--md-auto vce-col--xs-1 vce-col--xs-last vce-col--xs-first vce-col--sm-last vce-col--sm-first vce-col--md-last vce-col--lg-last vce-col--xl-last vce-col--md-first vce-col--lg-first vce-col--xl-first\" id=\"el-113aa3b9\"><div class=\"vce-col-inner\" data-vce-do-apply=\"border margin background  el-113aa3b9\"><div class=\"vce-col-content\" data-vce-element-content=\"true\" data-vce-do-apply=\"padding el-113aa3b9\"><div class=\"vce-text-block\"><div class=\"vce-text-block-wrapper vce\" id=\"el-ff61f029\" data-vce-do-apply=\"all el-ff61f029\"><div><noscript><style>.vce-row-container .vcv-lozad {display: none}<\/style><\/noscript><!-- Instagram Feed CSS --><\/div>\n<div>\n<div><noscript><style>.vce-row-container .vcv-lozad {display: none}<\/style><\/noscript><!-- Instagram Feed CSS --><\/div>\n<p>&nbsp;<\/p>\n<div>\n<div><noscript><style>.vce-row-container .vcv-lozad {display: none}<\/style><\/noscript><!-- Instagram Feed CSS --><\/div>\n<div>\n<div class=\"wp-block-group is-layout-grid wp-container-core-group-is-layout-1 wp-block-group-is-layout-grid\">\n<figure class=\"wp-block-image size-full\"><img loading=\"lazy\" decoding=\"async\" class=\"alignnone wp-image-94\" src=\"..\/..\/wp-content\/uploads\/2025\/01\/Radek-Banga-600x600bf-60.jpg\" sizes=\"auto, (max-width: 210px) 100vw, 210px\" srcset=\"https:\/\/www.radekbanga.cz\/wp-content\/uploads\/2025\/01\/Radek-Banga-600x600bf-60.jpg 600w, https:\/\/www.radekbanga.cz\/wp-content\/uploads\/2025\/01\/Radek-Banga-600x600bf-60-300x300.jpg 300w, https:\/\/www.radekbanga.cz\/wp-content\/uploads\/2025\/01\/Radek-Banga-600x600bf-60-150x150.jpg 150w, https:\/\/www.radekbanga.cz\/wp-content\/uploads\/2025\/01\/Radek-Banga-600x600bf-60-180x180.jpg 180w\" alt=\"\" width=\"210\" height=\"210\"><\/figure>\n<pre class=\"wp-block-code\"><code><strong>Rok vyd\u00e1n\u00ed<\/strong>: 2023\n<strong>Vydavatel<\/strong>: Bangatone\n<strong>Po\u010det skladeb:<\/strong> 10<\/code><\/pre>\n<p style=\"font-size: 16px;\"><strong>Tracklist:<\/strong><br><em>Star\u00fd dobr\u00fd \u010dasy, Ot\u00e1zky, Jsem tu pro tebe, Kolik krok\u016f, Ka\u017edou noc, U\u017e jinej nebudu, Pr\u00e1zdn\u00fd m\u00edsto, Nikdo nezn\u00e1 t\u011b, Mimozem\u0161\u0165an, Nic nen\u00ed nemo\u017en\u00e9<\/em><\/p>\n<\/div>\n<p>&nbsp;<\/p>\n<div class=\"wp-block-group is-layout-grid wp-container-core-group-is-layout-2 wp-block-group-is-layout-grid\">\n<figure class=\"wp-block-image size-full\"><img loading=\"lazy\" decoding=\"async\" class=\"alignnone wp-image-86\" src=\"..\/..\/wp-content\/uploads\/2025\/01\/Snimek-obrazovky-2025-01-27-135842.png\" alt=\"\" width=\"210\" height=\"207\" srcset=\"https:\/\/www.radekbanga.cz\/wp-content\/uploads\/2025\/01\/Snimek-obrazovky-2025-01-27-135842.png 406w, https:\/\/www.radekbanga.cz\/wp-content\/uploads\/2025\/01\/Snimek-obrazovky-2025-01-27-135842-300x296.png 300w\" sizes=\"auto, (max-width: 210px) 100vw, 210px\" \/><\/figure>\n<pre class=\"wp-block-code\"><code><strong>Rok vyd\u00e1n\u00ed:<\/strong> 2021\n<strong>Vydavatel:<\/strong> Supraphon\n<strong>Po\u010det skladeb:<\/strong> 15<\/code><\/pre>\n<p style=\"font-size: 16px;\"><strong>Tracklist:<\/strong><br><em>V\u011bci jinak, Nepo\u0161li to d\u00e1l, Digi Dong, Placebo, Vodop\u00e1dy, P\u0159\u00ed\u0161t\u011b, Dve\u0159e, Dol\u016f pad\u00e1, Nikdy to nevzd\u00e1m, Pouli\u010dn\u00ed d\u00edt\u011b, Pl\u00e1n, Nav\u017edy spolu, Z\u00e1\u017eitky, Sn\u011bhov\u00e1 vlo\u010dka, See over me<\/em><\/p>\n<\/div>\n<\/div>\n<div><a id=\"scrollup\" class=\"backtotop\" style=\"display: inline;\" href=\"#masthead\"><span class=\"screen-reader-text\">Scroll Up<\/span><\/a><!-- Instagram Feed JS --><\/div>\n<\/div>\n<div><a id=\"scrollup\" class=\"backtotop\" href=\"#masthead\"><span class=\"screen-reader-text\">Scroll Up<\/span><\/a><!-- Instagram Feed JS --><\/div>\n<p>&nbsp;<\/p>\n<\/div>\n<div><a id=\"scrollup\" class=\"backtotop\" href=\"#masthead\"><span class=\"screen-reader-text\">Scroll Up<\/span><\/a><!-- Instagram Feed JS --><\/div><\/div><\/div><\/div><\/div><\/div><\/div><\/div><\/div>\n","protected":false},"excerpt":{"rendered":"<p>&nbsp; Rok vyd\u00e1n\u00ed: 2023 Vydavatel: Bangatone Po\u010det skladeb: 10 Tracklist:Star\u00fd dobr\u00fd \u010dasy, Ot\u00e1zky, Jsem tu pro tebe, Kolik krok\u016f, Ka\u017edou noc, U\u017e jinej nebudu, Pr\u00e1zdn\u00fd m\u00edsto, Nikdo nezn\u00e1 t\u011b, Mimozem\u0161\u0165an,<\/p>\n<p class=\"more-link\"><a href=\"https:\/\/www.radekbanga.cz\/index.php\/diskografie\/\" class=\"readmore\">Continue reading<span class=\"screen-reader-text\">Diskografie<\/span><\/a><\/p>\n","protected":false},"author":1,"featured_media":0,"parent":0,"menu_order":0,"comment_status":"closed","ping_status":"closed","template":"","meta":{"footnotes":""},"class_list":["post-80","page","type-page","status-publish","hentry"],"_links":{"self":[{"href":"https:\/\/www.radekbanga.cz\/index.php\/wp-json\/wp\/v2\/pages\/80","targetHints":{"allow":["GET"]}}],"collection":[{"href":"https:\/\/www.radekbanga.cz\/index.php\/wp-json\/wp\/v2\/pages"}],"about":[{"href":"https:\/\/www.radekbanga.cz\/index.php\/wp-json\/wp\/v2\/types\/page"}],"author":[{"embeddable":true,"href":"https:\/\/www.radekbanga.cz\/index.php\/wp-json\/wp\/v2\/users\/1"}],"replies":[{"embeddable":true,"href":"https:\/\/www.radekbanga.cz\/index.php\/wp-json\/wp\/v2\/comments?post=80"}],"version-history":[{"count":14,"href":"https:\/\/www.radekbanga.cz\/index.php\/wp-json\/wp\/v2\/pages\/80\/revisions"}],"predecessor-version":[{"id":158,"href":"https:\/\/www.radekbanga.cz\/index.php\/wp-json\/wp\/v2\/pages\/80\/revisions\/158"}],"wp:attachment":[{"href":"https:\/\/www.radekbanga.cz\/index.php\/wp-json\/wp\/v2\/media?parent=80"}],"curies":[{"name":"wp","href":"https:\/\/api.w.org\/{rel}","templated":true}]}}