{"id":128,"date":"2025-01-27T18:11:23","date_gmt":"2025-01-27T18:11:23","guid":{"rendered":"https:\/\/www.radekbanga.cz\/?page_id=128"},"modified":"2025-01-27T18:29:13","modified_gmt":"2025-01-27T18:29:13","slug":"prednasky","status":"publish","type":"page","link":"https:\/\/www.radekbanga.cz\/index.php\/prednasky\/","title":{"rendered":"P\u0159edn\u00e1\u0161ky"},"content":{"rendered":"<a href=\"https:\/\/www.radekbanga.cz\/index.php\/kdyz-chces-tak-to-dokazes\/\">\n\n\n<div class=\"wp-block-group is-layout-grid wp-container-core-group-is-layout-9649a0d9 wp-block-group-is-layout-grid\">\n<figure class=\"wp-block-image size-full\"><img loading=\"lazy\" decoding=\"async\" width=\"888\" height=\"483\" src=\"https:\/\/www.radekbanga.cz\/wp-content\/uploads\/2025\/01\/Snimek-obrazovky-2025-01-27-191438.png\" alt=\"\" class=\"wp-image-132\" srcset=\"https:\/\/www.radekbanga.cz\/wp-content\/uploads\/2025\/01\/Snimek-obrazovky-2025-01-27-191438.png 888w, https:\/\/www.radekbanga.cz\/wp-content\/uploads\/2025\/01\/Snimek-obrazovky-2025-01-27-191438-300x163.png 300w, https:\/\/www.radekbanga.cz\/wp-content\/uploads\/2025\/01\/Snimek-obrazovky-2025-01-27-191438-768x418.png 768w\" sizes=\"auto, (max-width: 888px) 100vw, 888px\" \/><\/figure>\n\n\n\n<p>P\u0159edn\u00e1\u0161ky pro \u0161koly<\/p>\n<\/div>\n\n<\/a>\n\n<p><\/p>\n\n\n\n<div class=\"wp-block-group is-layout-grid wp-container-core-group-is-layout-9649a0d9 wp-block-group-is-layout-grid\">\n<figure class=\"wp-block-image size-full\"><img loading=\"lazy\" decoding=\"async\" width=\"1920\" height=\"860\" src=\"https:\/\/www.radekbanga.cz\/wp-content\/uploads\/2025\/01\/Web-Banner-NEPOSLI-TO-DAL-FIRMY-small.png\" alt=\"\" class=\"wp-image-133\" srcset=\"https:\/\/www.radekbanga.cz\/wp-content\/uploads\/2025\/01\/Web-Banner-NEPOSLI-TO-DAL-FIRMY-small.png 1920w, https:\/\/www.radekbanga.cz\/wp-content\/uploads\/2025\/01\/Web-Banner-NEPOSLI-TO-DAL-FIRMY-small-300x134.png 300w, https:\/\/www.radekbanga.cz\/wp-content\/uploads\/2025\/01\/Web-Banner-NEPOSLI-TO-DAL-FIRMY-small-1024x459.png 1024w, https:\/\/www.radekbanga.cz\/wp-content\/uploads\/2025\/01\/Web-Banner-NEPOSLI-TO-DAL-FIRMY-small-768x344.png 768w, https:\/\/www.radekbanga.cz\/wp-content\/uploads\/2025\/01\/Web-Banner-NEPOSLI-TO-DAL-FIRMY-small-1536x688.png 1536w\" sizes=\"auto, (max-width: 1920px) 100vw, 1920px\" \/><\/figure>\n\n\n\n<p>P\u0159edn\u00e1\u0161ky pro firmy<\/p>\n<\/div>\n\n\n\n<p><\/p>\n","protected":false},"excerpt":{"rendered":"<p>P\u0159edn\u00e1\u0161ky pro \u0161koly P\u0159edn\u00e1\u0161ky pro firmy<\/p>\n","protected":false},"author":1,"featured_media":0,"parent":0,"menu_order":0,"comment_status":"closed","ping_status":"closed","template":"","meta":{"footnotes":""},"class_list":["post-128","page","type-page","status-publish","hentry"],"_links":{"self":[{"href":"https:\/\/www.radekbanga.cz\/index.php\/wp-json\/wp\/v2\/pages\/128","targetHints":{"allow":["GET"]}}],"collection":[{"href":"https:\/\/www.radekbanga.cz\/index.php\/wp-json\/wp\/v2\/pages"}],"about":[{"href":"https:\/\/www.radekbanga.cz\/index.php\/wp-json\/wp\/v2\/types\/page"}],"author":[{"embeddable":true,"href":"https:\/\/www.radekbanga.cz\/index.php\/wp-json\/wp\/v2\/users\/1"}],"replies":[{"embeddable":true,"href":"https:\/\/www.radekbanga.cz\/index.php\/wp-json\/wp\/v2\/comments?post=128"}],"version-history":[{"count":6,"href":"https:\/\/www.radekbanga.cz\/index.php\/wp-json\/wp\/v2\/pages\/128\/revisions"}],"predecessor-version":[{"id":148,"href":"https:\/\/www.radekbanga.cz\/index.php\/wp-json\/wp\/v2\/pages\/128\/revisions\/148"}],"wp:attachment":[{"href":"https:\/\/www.radekbanga.cz\/index.php\/wp-json\/wp\/v2\/media?parent=128"}],"curies":[{"name":"wp","href":"https:\/\/api.w.org\/{rel}","templated":true}]}}